{"id":114,"date":"2026-02-15T22:57:39","date_gmt":"2026-02-15T22:57:39","guid":{"rendered":"http:\/\/turiacongress.com\/?page_id=114"},"modified":"2026-02-26T14:08:58","modified_gmt":"2026-02-26T14:08:58","slug":"politica-de-privacidad","status":"publish","type":"page","link":"https:\/\/turiacongress.com\/en\/politica-de-privacidad\/","title":{"rendered":"Pol\u00edtica de Privacidad"},"content":{"rendered":"<style>.elementor-114 .elementor-element.elementor-element-80c5456{--display:flex;--flex-direction:column;--container-widget-width:100%;--container-widget-height:initial;--container-widget-flex-grow:0;--container-widget-align-self:initial;--flex-wrap-mobile:wrap;--margin-top:90px;--margin-bottom:90px;--margin-left:90px;--margin-right:90px;}.elementor-widget-heading .elementor-heading-title{font-family:var( --e-global-typography-primary-font-family ), Sans-serif;font-weight:var( --e-global-typography-primary-font-weight );color:var( --e-global-color-primary );}.elementor-114 .elementor-element.elementor-element-9fb3363 .elementor-heading-title{font-family:\"Barlow\", Sans-serif;font-size:50px;font-weight:700;}.elementor-114 .elementor-element.elementor-element-4376633{--display:flex;--flex-direction:column;--container-widget-width:100%;--container-widget-height:initial;--container-widget-flex-grow:0;--container-widget-align-self:initial;--flex-wrap-mobile:wrap;--margin-top:-60px;--margin-bottom:90px;--margin-left:90px;--margin-right:120px;--padding-top:0px;--padding-bottom:0px;--padding-left:0px;--padding-right:0px;}.elementor-114 .elementor-element.elementor-element-48bc98e{--display:flex;}.elementor-widget-text-editor{font-family:var( --e-global-typography-text-font-family ), Sans-serif;font-weight:var( --e-global-typography-text-font-weight );color:var( --e-global-color-text );}.elementor-widget-text-editor.elementor-drop-cap-view-stacked .elementor-drop-cap{background-color:var( --e-global-color-primary );}.elementor-widget-text-editor.elementor-drop-cap-view-framed .elementor-drop-cap, .elementor-widget-text-editor.elementor-drop-cap-view-default .elementor-drop-cap{color:var( --e-global-color-primary );border-color:var( --e-global-color-primary );}.elementor-114 .elementor-element.elementor-element-56f4b55{margin:0px 80px calc(var(--kit-widget-spacing, 0px) + 0px) 0px;}<\/style>\t\t<div data-elementor-type=\"wp-page\" data-elementor-id=\"114\" class=\"elementor elementor-114\" data-elementor-post-type=\"page\">\n\t\t\t\t<div class=\"elementor-element elementor-element-80c5456 e-flex e-con-boxed e-con e-parent\" data-id=\"80c5456\" data-element_type=\"container\" data-e-type=\"container\">\n\t\t\t\t\t<div class=\"e-con-inner\">\n\t\t\t\t<div class=\"elementor-element elementor-element-9fb3363 elementor-widget elementor-widget-heading\" data-id=\"9fb3363\" data-element_type=\"widget\" data-e-type=\"widget\" data-widget_type=\"heading.default\">\n\t\t\t\t\t<h1 class=\"elementor-heading-title elementor-size-default\">Pol\u00edtica de Privacidad<\/h1>\t\t\t\t<\/div>\n\t\t\t\t\t<\/div>\n\t\t\t\t<\/div>\n\t\t<div class=\"elementor-element elementor-element-4376633 e-flex e-con-boxed e-con e-parent\" data-id=\"4376633\" data-element_type=\"container\" data-e-type=\"container\">\n\t\t\t\t\t<div class=\"e-con-inner\">\n\t\t<div class=\"elementor-element elementor-element-48bc98e e-con-full e-flex e-con e-child\" data-id=\"48bc98e\" data-element_type=\"container\" data-e-type=\"container\">\n\t\t\t\t<div class=\"elementor-element elementor-element-56f4b55 elementor-widget elementor-widget-text-editor\" data-id=\"56f4b55\" data-element_type=\"widget\" data-e-type=\"widget\" data-widget_type=\"text-editor.default\">\n\t\t\t\t\t\t\t\t\t<h2><b>Informaci\u00f3n del titular de la web<\/b><\/h2><p><span style=\"font-weight: 400;\">Titularidad: <\/span><b>TURIA CONGRESS S.L.<\/b><\/p><p><span style=\"font-weight: 400;\">CIF: <\/span><b>\u00a0B75511477<\/b><\/p><p><span style=\"font-weight: 400;\">Domicilio: <\/span><b>Calle de las Eras 4 &#8211; 02660 Caudete &#8211; Albacete &#8211; Espa\u00f1a<\/b><\/p><p><span style=\"font-weight: 400;\">Correo empresa<\/span><b>: <\/b><a href=\"mailto:administracion@turiacongress.com\"><b>administracion@turiacongress.com<\/b><\/a><b>\u00a0<\/b><\/p><p><span style=\"font-weight: 400;\">Correo DPO: <\/span><a href=\"mailto:dpd@vitaprogram.com\"><b>dpd@vitaprogram.com<\/b><\/a><\/p><p><span style=\"font-weight: 400;\">P\u00e1gina Web: <\/span><a href=\"https:\/\/turiacongress.com\/en\/\"><b>https:\/\/turiacongress.com\/<\/b><\/a><b>\u00a0<\/b><\/p><p><span style=\"font-weight: 400;\">en adelante el Responsable.<\/span><\/p><h2><b>Responsable de protecci\u00f3n de datos<\/b><\/h2><p><span style=\"font-weight: 400;\">El titular es el responsable de los datos personales que son recabados por la navegaci\u00f3n y uso de esta web conforme a los requisitos establecidos por el <\/span><b>Reglamento (UE) 2016\/679<\/b><span style=\"font-weight: 400;\"> relativo a la protecci\u00f3n de datos de las personas f\u00edsicas, as\u00ed como conforme a la <\/span><b>Ley 34\/2002 de 11 de julio de Servicios de la Sociedad de la Informaci\u00f3n y del Comercio Electr\u00f3nico (LSSI-CE)<\/b><span style=\"font-weight: 400;\">.<\/span><\/p><p><span style=\"font-weight: 400;\">Al utilizar este sitio web entendemos que ha le\u00eddo y comprendido la informaci\u00f3n que se expone en relaci\u00f3n con el tratamiento de sus datos de car\u00e1cter personal.<\/span><\/p><h2><b>Pol\u00edtica de protecci\u00f3n de datos<\/b><\/h2><p><span style=\"font-weight: 400;\">El responsable aplica el principio de responsabilidad activa en el tratamiento de los datos de car\u00e1cter personal, manteniendo una constante puesta al d\u00eda y una promoci\u00f3n de la mejora continua del sistema de protecci\u00f3n de datos conforme a los requisitos legales exigibles, garantizando en todo caso:<\/span><\/p><ul><li style=\"font-weight: 400;\" aria-level=\"1\"><span style=\"font-weight: 400;\">el respeto a las libertades y los derechos fundamentales de las personas f\u00edsicas,<\/span><\/li><li style=\"font-weight: 400;\" aria-level=\"1\"><span style=\"font-weight: 400;\">que los datos son tratados de manera l\u00edcita, leal y transparente,<\/span><\/li><li style=\"font-weight: 400;\" aria-level=\"1\"><span style=\"font-weight: 400;\">que los datos tratados son exactos, adecuados, pertinentes y limitados en relaci\u00f3n con los fines para los que son recogidos,<\/span><\/li><li style=\"font-weight: 400;\" aria-level=\"1\"><span style=\"font-weight: 400;\">que los fines para los que son recogidos son expl\u00edcitos y leg\u00edtimos y que no son tratados de manera incompatible con dichos fines.<\/span><\/li><li style=\"font-weight: 400;\" aria-level=\"1\"><span style=\"font-weight: 400;\">Que la empresa, asesorada por un servicio de consultor\u00eda en materia de protecci\u00f3n de datos, cumple con las medidas de seguridad necesarias para el tratamiento de sus datos.<\/span><\/li><\/ul><p><span style=\"font-weight: 400;\">La finalidad de este documento es informar al usuario sobre qu\u00e9 hacemos con sus datos personales, c\u00f3mo se recaban, para qu\u00e9 se utilizan, los derechos que te asisten, as\u00ed como toda la informaci\u00f3n legal necesaria establecida por la normativa vigente.<\/span><\/p><h2><b>Datos recabados a trav\u00e9s de la web, finalidad y licitud<\/b><\/h2><p><span style=\"font-weight: 400;\">A trav\u00e9s de la web se recaban los siguientes datos de car\u00e1cter personal del usuario:\u00a0<\/span><\/p><ul><li style=\"font-weight: 400;\" aria-level=\"1\"><span style=\"font-weight: 400;\">Datos de contacto.<\/span><\/li><li style=\"font-weight: 400;\" aria-level=\"1\"><span style=\"font-weight: 400;\">Direcci\u00f3n IP<\/span><\/li><\/ul><p><b>Finalidad para la que se tratan dichos datos.<\/b><\/p><ul><li style=\"font-weight: 400;\" aria-level=\"1\"><span style=\"font-weight: 400;\">Enviarte informaci\u00f3n sobre nuestros productos \/ servicios\u00a0<\/span><\/li><li style=\"font-weight: 400;\" aria-level=\"1\"><span style=\"font-weight: 400;\">Atender consultas.\u00a0<\/span><\/li><li style=\"font-weight: 400;\" aria-level=\"1\"><span style=\"font-weight: 400;\">Tramitar pedidos, as\u00ed como poder elaborar las facturas correspondientes, informar sobre el estado de los pedidos, atender reclamaciones y cualquier otra gesti\u00f3n derivada de la prestaci\u00f3n del servicio realizado a trav\u00e9s de este sitio web<\/span><\/li><\/ul><p><span style=\"font-weight: 400;\">Dichas finalidades est\u00e1n basadas en principios legales de tratamiento de los datos recogidos por la normativa vigente: para la ejecuci\u00f3n de un contrato o la prestaci\u00f3n de un servicio a los usuarios, para el cumplimiento de obligaciones legales, por el inter\u00e9s leg\u00edtimo y con el consentimiento de los usuarios<\/span><\/p><p><b>Licitud para el tratamiento.\u00a0<\/b><\/p><p><span style=\"font-weight: 400;\">Los datos personales tratados son necesarios para la correcta ejecuci\u00f3n de los servicios requeridos a trav\u00e9s de este sitio web en los que el usuario es parte interesada (solicitudes de informaci\u00f3n, etc.)<\/span><\/p><p><span style=\"font-weight: 400;\">Los datos personales cuyo tratamiento requiera el consentimiento de los usuarios s\u00f3lo ser\u00e1n tratados cuando el usuario haya prestado expresamente su consentimiento, previa informaci\u00f3n sobre el fin espec\u00edfico que persigue dicho tratamiento (por ejemplo, para el env\u00edo de publicidad comercial). El consentimiento expreso se recoger\u00e1 a trav\u00e9s de tu IP cuando marque la casilla de verificaci\u00f3n.<\/span><\/p><h2><b>Datos personales de menores<\/b><\/h2><p><span style=\"font-weight: 400;\">Esta p\u00e1gina web no est\u00e1 dirigida a usuarios menores de edad. Si es menor de edad, por favor no intentes registrarte como usuario. Si descubrimos que por error hemos obtenido informaci\u00f3n personal de un menor, eliminaremos dicha informaci\u00f3n lo antes posible.<\/span><\/p><h2><b>Formularios web<\/b><\/h2><p><span style=\"font-weight: 400;\">Los datos personales se recaban a trav\u00e9s del correspondiente formulario web. Cada formulario informa de finalidad de los tratamientos, por ejemplo, formulario para realizar pedidos, formulario para el env\u00edo de publicidad comercial o suscripci\u00f3n a Newsletter, formulario para realizaci\u00f3n de consultas, etc.<\/span><\/p><h2><b>Formulario para realizaci\u00f3n de consultas<\/b><\/h2><p><span style=\"font-weight: 400;\">Se recabar\u00e1n los datos personales necesarios para responder de forma personalizada a la consulta formulada al correo electr\u00f3nico que indique el usuario.<\/span><\/p><h2><b>Consentimiento para el env\u00edo de publicidad o suscripci\u00f3n a Newsletter.<\/b><\/h2><p><span style=\"font-weight: 400;\">Cuando el usuario haya dado su consentimiento para la suscripci\u00f3n a nuestro Newsletter o para recibir informaci\u00f3n comercial y no desee seguir recibiendo publicidad, puede revocar dicho consentimiento en cualquier momento enviando un mail al propietario de la web.\u00a0<\/span><\/p><p><span style=\"font-weight: 400;\">En cualquier caso, antes de enviar un formulario requerimos al usuario para que lea los t\u00e9rminos legales y de protecci\u00f3n de datos personales y los acepte.\u00a0<\/span><\/p><p><span style=\"font-weight: 400;\">En caso de no aceptaci\u00f3n, el formulario no ser\u00e1 tramitado, no se enviar\u00e1 ning\u00fan dato de car\u00e1cter personal y no surtir\u00e1 ning\u00fan efecto.<\/span><\/p><p><span style=\"font-weight: 400;\">Adicionalmente, puede que tambi\u00e9n recopilemos la siguiente informaci\u00f3n:<\/span><\/p><ul><li style=\"font-weight: 400;\" aria-level=\"1\"><span style=\"font-weight: 400;\">Ubicaci\u00f3n y datos de tr\u00e1fico (incluida la direcci\u00f3n IP y el navegador) si haces un pedido, o si necesitamos estimar impuestos y costes de env\u00edo basados en tu ubicaci\u00f3n.<\/span><\/li><li style=\"font-weight: 400;\" aria-level=\"1\"><span style=\"font-weight: 400;\">P\u00e1ginas de producto visitadas y contenido visualizado mientras tu sesi\u00f3n est\u00e1 activa.<\/span><\/li><li style=\"font-weight: 400;\" aria-level=\"1\"><span style=\"font-weight: 400;\">Sus comentarios y rese\u00f1as de productos si eliges dejarla.<\/span><\/li><li style=\"font-weight: 400;\" aria-level=\"1\"><span style=\"font-weight: 400;\">Direcci\u00f3n de env\u00edo si pide costes de env\u00edo antes de hacer la compra mientras tu sesi\u00f3n est\u00e1 activa.<\/span><\/li><li style=\"font-weight: 400;\" aria-level=\"1\"><span style=\"font-weight: 400;\">Cookies esenciales para hacer el seguimiento de los contenidos de tu carrito mientras tu sesi\u00f3n est\u00e1 activa.<\/span><\/li><li style=\"font-weight: 400;\" aria-level=\"1\"><span style=\"font-weight: 400;\">Correo y contrase\u00f1a de tu cuenta para permitirte acceder a tu cuenta, si tiene una.<\/span><\/li><li style=\"font-weight: 400;\" aria-level=\"1\"><span style=\"font-weight: 400;\">Si crea una cuenta guardamos tu nombre, direcci\u00f3n y tel\u00e9fono, para usarlos en sus futuros pedidos.<\/span><\/li><\/ul><h2><b>Destinatarios de los datos<\/b><\/h2><p><span style=\"font-weight: 400;\">Los datos de car\u00e1cter personal obtenidos a trav\u00e9s de los formularios web son registrados y conservados en soportes electr\u00f3nicos controlados y supervisados por el Responsable del tratamiento.<\/span><\/p><p><span style=\"font-weight: 400;\">Tus datos personales no ser\u00e1n comunicados a terceros, con la salvedad de que dicha comunicaci\u00f3n de datos est\u00e9 amparada en una obligaci\u00f3n legal o cuando para la correcta prestaci\u00f3n del servicio sea necesario comunicar tus datos a terceros (por ejemplo, para la gesti\u00f3n de entrega de productos es necesario comunicar los datos de entrega a la empresa de transporte, para el pago por tarjeta o Bizum es necesario comunicar sus datos a la pasarela de pago o aplicaci\u00f3n bancaria correspondiente, para la correcta gesti\u00f3n administrativa es necesario pasarlos a la asesor\u00eda fiscal, etc.).<\/span><\/p><p><span style=\"font-weight: 400;\">Para los casos en los que la comunicaci\u00f3n de tus datos personales a terceros no est\u00e9 amparada en las bases legales establecidas en el apartado anterior (prestaci\u00f3n del servicio o por obligaci\u00f3n legal) la comunicaci\u00f3n de datos a otros destinatarios s\u00f3lo se realizar\u00e1 si el usuario ha dado su consentimiento expreso.<\/span><\/p><p><span style=\"font-weight: 400;\">Para los casos en los que requiramos la contrataci\u00f3n de encargados para el tratamiento de tus datos personales, \u00e9stos solo tratar\u00e1n tus datos conforme a nuestra pol\u00edtica de privacidad, te informamos que se mantienen unos criterios estrictos de selecci\u00f3n de encargados de tratamiento y el compromiso contractual con cada uno de ellos para cumplir y hacer cumplir las obligaciones establecidas en materia de protecci\u00f3n de datos.<\/span><\/p><p><span style=\"font-weight: 400;\">Puede obtener m\u00e1s informaci\u00f3n sobre el tratamiento de los datos personales de nuestra organizaci\u00f3n solicit\u00e1ndola en el mail <\/span><a href=\"mailto:info@vitaprogram.com\"><span style=\"font-weight: 400;\">dpd@vitaprogram.com<\/span><\/a><span style=\"font-weight: 400;\"> indicando el nombre de la empresa, as\u00ed como el motivo de la petici\u00f3n.<\/span><\/p><h2><b>Transferencias internacionales<\/b><\/h2><p><span style=\"font-weight: 400;\">Para la prestaci\u00f3n de determinados pedidos puede ser necesaria la comunicaci\u00f3n de ciertos datos personales (solo los m\u00ednimos necesarios) a alguna entidad ubicada fuera de la Uni\u00f3n Europea (por ejemplo, el proveedor del hosting, la gesti\u00f3n de pedidos con origen en terceros pa\u00edses, etc.).<\/span><\/p><p><span style=\"font-weight: 400;\">En estos casos te informaremos adecuadamente y recabaremos tu consentimiento expl\u00edcito antes de realizar el tratamiento.<\/span><\/p><p><span style=\"font-weight: 400;\">Garantizamos que la transferencia de los datos personales se realiza de conformidad con las leyes de privacidad aplicables y, en particular, que se apliquen las medidas contractuales, t\u00e9cnicas y organizativas necesarias, como las cl\u00e1usulas contractuales est\u00e1ndar aprobadas por la Comisi\u00f3n Europea.<\/span><\/p><h2><b>Medidas t\u00e9cnicas y organizativas de protecci\u00f3n de datos<\/b><\/h2><p><span style=\"font-weight: 400;\">Los soportes electr\u00f3nicos que realizan los tratamientos de datos personales cuentan con las medidas t\u00e9cnicas y organizativas necesarias para garantizar la confidencialidad, la conservaci\u00f3n y disponibilidad de los datos personales obtenidos a trav\u00e9s de la web.<\/span><\/p><p><span style=\"font-weight: 400;\">Los datos personales recabados desde la web son tratados mediante protocolo HTML con certificado SSL v\u00e1lido garantizando la seguridad de los datos.<\/span><\/p><p><span style=\"font-weight: 400;\">Todo el personal implicado en las operaciones de tratamiento de tus datos personales, incluso el personal encargado del mantenimiento inform\u00e1tico est\u00e1 capacitado, formado y comprometido con nuestra pol\u00edtica de protecci\u00f3n de datos, especialmente con nuestra pol\u00edtica de confidencialidad a la que est\u00e1n formalmente vinculados mediante compromiso escrito.<\/span><\/p><h2><b>Conservaci\u00f3n de los datos<\/b><\/h2><p><span style=\"font-weight: 400;\">Los datos de car\u00e1cter personal obtenidos a trav\u00e9s de la web ser\u00e1n conservados el tiempo necesario para atender la solicitud\/consulta realizada.<\/span><\/p><p><span style=\"font-weight: 400;\">Cuando exista una relaci\u00f3n contractual y\/o comercial con el cliente conservaremos los datos mientras no ejerza su derecho de supresi\u00f3n, cancelaci\u00f3n y\/o limitaci\u00f3n del tratamiento de sus datos. En cualquier caso, conservaremos los datos bloqueados el tiempo establecido por la normativa vigente mientras pueda ser necesaria para el ejercicio o defensa de reclamaciones o pueda derivarse alg\u00fan tipo de responsabilidad judicial, legal o contractual de su tratamiento, que deba ser atendida y para lo cual sea necesaria su recuperaci\u00f3n.<\/span><\/p><p><span style=\"font-weight: 400;\">En caso de que hayas aceptado expresamente el env\u00edo de informaci\u00f3n comercial conservaremos tus datos de contacto hasta que nos comuniques tu decisi\u00f3n de anular dichos env\u00edos comerciales.<\/span><\/p><h2><b>Decisiones automatizadas (incluida la elaboraci\u00f3n de perfiles)<\/b><\/h2><p><span style=\"font-weight: 400;\">Normalmente no adoptamos decisiones automatizadas, pero cuando lo hagamos dejaremos claro que se est\u00e1 adoptando ese tipo de decisi\u00f3n.\u00a0<\/span><\/p><p><span style=\"font-weight: 400;\">A trav\u00e9s de las cookies (<\/span><span style=\"font-weight: 400;\">ver pol\u00edtica de cookies<\/span><span style=\"font-weight: 400;\">) se le ofrece la posibilidad de personalizaci\u00f3n de la informaci\u00f3n que trata dicha tecnolog\u00eda, como por ejemplo an\u00e1lisis de tendencias, etc.<\/span><\/p><p><span style=\"font-weight: 400;\">Reconocemos la posibilidad de realizar perfiles con el fin de mejorar la oferta de productos o personalizar el env\u00edo de ofertas comerciales (siempre que hayas dado tu consentimiento) o darte un trato m\u00e1s personalizado.<\/span><\/p><h2><b>Oposici\u00f3n a que los datos sean tratados con fines publicitarios\u00a0<\/b><\/h2><p><span style=\"font-weight: 400;\">Si diste tu consentimiento para que utilizaran de tus datos con fines publicitarios y no deseas seguir recibiendo publicidad, puedes revocar el consentimiento prestado en cualquier momento y a trav\u00e9s del env\u00edo de un correo electr\u00f3nico a mail del responsable <\/span><a href=\"mailto:administracion@turiacongress.com\"><b>administracion@turiacongress.com<\/b><\/a><b>.<\/b><\/p><h2><b>Cambios en la Pol\u00edtica de Privacidad<\/b><\/h2><p><span style=\"font-weight: 400;\">Es posible que modifiquemos la informaci\u00f3n contenida en esta Pol\u00edtica de Privacidad y Cookies cuando lo estimemos conveniente. En caso de que lo hagamos, lo notificaremos por distintas v\u00edas a trav\u00e9s de la Plataforma (por ejemplo, a trav\u00e9s de un banner, un pop-up o una notificaci\u00f3n push), o incluso lo comunicaremos a tu direcci\u00f3n de correo electr\u00f3nico cuando el cambio en cuesti\u00f3n sea significativo para con tu privacidad, de manera que puedas revisar los cambios, valorarlo y, en su caso, oponerse o darse de baja en alg\u00fan servicio o funcionalidad. En cualquier caso, te sugerimos que revises esta Pol\u00edtica de Privacidad y Cookies de vez en cuando por si hubiera cambios menores o introducimos alguna mejora interactiva.\u00a0<\/span><\/p><p><span style=\"font-weight: 400;\">Recomendamos consultar la \u00faltima fecha de actualizaci\u00f3n.<\/span><\/p><h2><b>Ejercicio de los derechos de protecci\u00f3n de datos<\/b><\/h2><p><span style=\"font-weight: 400;\">De acuerdo con el <\/span><b>Reglamento (UE) 2016\/679<\/b><span style=\"font-weight: 400;\"> relativo a la protecci\u00f3n de datos de las personas f\u00edsicas, los usuarios pueden ejercer el derecho de acceso, rectificaci\u00f3n, limitaci\u00f3n, supresi\u00f3n, portabilidad y oposici\u00f3n al tratamiento de sus datos personales, para ello deber\u00e1s dirigir tu solicitud al correo electr\u00f3nico <\/span><a href=\"mailto:administracion@turiacongress.com\"><b>administracion@turiacongress.com<\/b><\/a><b>. <\/b><span style=\"font-weight: 400;\">Para el ejercicio de los derechos deber\u00e1 identificarse mediante la presentaci\u00f3n de su DNI.<\/span><\/p><p><span style=\"font-weight: 400;\">La normativa te confiere el derecho a presentar una reclamaci\u00f3n ante la Agencia Espa\u00f1ola de Protecci\u00f3n de Datos, para descargar los modelos, formularios y m\u00e1s informaci\u00f3n sobre tus derechos puedes visitar la<\/span> <a href=\"https:\/\/www.agpd.es\/portalwebAGPD\/CanalDelCiudadano\/derechos\/index-ides-idphp.php\" rel=\"noopener\"><span style=\"font-weight: 400;\">P\u00e1gina oficial de la Agencia Espa\u00f1ola de Protecci\u00f3n de Datos<\/span><\/a><\/p><p><span style=\"font-weight: 400;\">Igualmente puedes dirigirte a nosotros para cualquier aclaraci\u00f3n adicional.<\/span><\/p>\t\t\t\t\t\t\t\t<\/div>\n\t\t\t\t<\/div>\n\t\t\t\t\t<\/div>\n\t\t\t\t<\/div>\n\t\t\t\t<\/div>","protected":false},"excerpt":{"rendered":"<p>Pol\u00edtica de Privacidad Informaci\u00f3n del titular de la web Titularidad: TURIA CONGRESS S.L. CIF: \u00a0B75511477 Domicilio: Calle de las Eras 4 &#8211; 02660 Caudete &#8211; Albacete &#8211; Espa\u00f1a Correo empresa: administracion@turiacongress.com\u00a0 Correo DPO: dpd@vitaprogram.com P\u00e1gina Web: https:\/\/turiacongress.com\/\u00a0 en adelante el Responsable. Responsable de protecci\u00f3n de datos El titular es el responsable de los datos personales [&hellip;]<\/p>\n","protected":false},"author":1,"featured_media":0,"parent":0,"menu_order":0,"comment_status":"closed","ping_status":"closed","template":"","meta":{"footnotes":""},"class_list":["post-114","page","type-page","status-publish","hentry"],"_links":{"self":[{"href":"https:\/\/turiacongress.com\/en\/wp-json\/wp\/v2\/pages\/114","targetHints":{"allow":["GET"]}}],"collection":[{"href":"https:\/\/turiacongress.com\/en\/wp-json\/wp\/v2\/pages"}],"about":[{"href":"https:\/\/turiacongress.com\/en\/wp-json\/wp\/v2\/types\/page"}],"author":[{"embeddable":true,"href":"https:\/\/turiacongress.com\/en\/wp-json\/wp\/v2\/users\/1"}],"replies":[{"embeddable":true,"href":"https:\/\/turiacongress.com\/en\/wp-json\/wp\/v2\/comments?post=114"}],"version-history":[{"count":20,"href":"https:\/\/turiacongress.com\/en\/wp-json\/wp\/v2\/pages\/114\/revisions"}],"predecessor-version":[{"id":405,"href":"https:\/\/turiacongress.com\/en\/wp-json\/wp\/v2\/pages\/114\/revisions\/405"}],"wp:attachment":[{"href":"https:\/\/turiacongress.com\/en\/wp-json\/wp\/v2\/media?parent=114"}],"curies":[{"name":"wp","href":"https:\/\/api.w.org\/{rel}","templated":true}]}}