{"id":316,"date":"2026-02-24T09:49:09","date_gmt":"2026-02-24T09:49:09","guid":{"rendered":"https:\/\/turiacongress.com\/?page_id=316"},"modified":"2026-02-24T10:37:59","modified_gmt":"2026-02-24T10:37:59","slug":"declaracion-de-accesibilidad","status":"publish","type":"page","link":"https:\/\/turiacongress.com\/en\/declaracion-de-accesibilidad\/","title":{"rendered":"Declaraci\u00f3n de Accesibilidad &#8211; TuriaCongress"},"content":{"rendered":"<style>.elementor-316 .elementor-element.elementor-element-80c5456{--display:flex;--flex-direction:column;--container-widget-width:100%;--container-widget-height:initial;--container-widget-flex-grow:0;--container-widget-align-self:initial;--flex-wrap-mobile:wrap;--margin-top:90px;--margin-bottom:90px;--margin-left:90px;--margin-right:90px;}.elementor-widget-heading .elementor-heading-title{font-family:var( --e-global-typography-primary-font-family ), Sans-serif;font-weight:var( --e-global-typography-primary-font-weight );color:var( --e-global-color-primary );}.elementor-316 .elementor-element.elementor-element-9fb3363 .elementor-heading-title{font-family:\"Barlow\", Sans-serif;font-size:50px;font-weight:700;}.elementor-316 .elementor-element.elementor-element-9fb3363{margin:40px 0px calc(var(--kit-widget-spacing, 0px) + 0px) -50px;}.elementor-316 .elementor-element.elementor-element-4376633{--display:flex;--flex-direction:column;--container-widget-width:100%;--container-widget-height:initial;--container-widget-flex-grow:0;--container-widget-align-self:initial;--flex-wrap-mobile:wrap;--margin-top:-60px;--margin-bottom:90px;--margin-left:90px;--margin-right:120px;--padding-top:0px;--padding-bottom:0px;--padding-left:0px;--padding-right:0px;}.elementor-316 .elementor-element.elementor-element-48bc98e{--display:flex;--margin-top:0px;--margin-bottom:0px;--margin-left:-50px;--margin-right:0px;}.elementor-widget-text-editor{font-family:var( --e-global-typography-text-font-family ), Sans-serif;font-weight:var( --e-global-typography-text-font-weight );color:var( --e-global-color-text );}.elementor-widget-text-editor.elementor-drop-cap-view-stacked .elementor-drop-cap{background-color:var( --e-global-color-primary );}.elementor-widget-text-editor.elementor-drop-cap-view-framed .elementor-drop-cap, .elementor-widget-text-editor.elementor-drop-cap-view-default .elementor-drop-cap{color:var( --e-global-color-primary );border-color:var( --e-global-color-primary );}.elementor-316 .elementor-element.elementor-element-1d93109{margin:0px 90px calc(var(--kit-widget-spacing, 0px) + 0px) 0px;}<\/style>\t\t<div data-elementor-type=\"wp-page\" data-elementor-id=\"316\" class=\"elementor elementor-316\" data-elementor-post-type=\"page\">\n\t\t\t\t<div class=\"elementor-element elementor-element-80c5456 e-flex e-con-boxed e-con e-parent\" data-id=\"80c5456\" data-element_type=\"container\" data-e-type=\"container\">\n\t\t\t\t\t<div class=\"e-con-inner\">\n\t\t\t\t<div class=\"elementor-element elementor-element-9fb3363 elementor-widget elementor-widget-heading\" data-id=\"9fb3363\" data-element_type=\"widget\" data-e-type=\"widget\" data-widget_type=\"heading.default\">\n\t\t\t\t\t<h2 class=\"elementor-heading-title elementor-size-default\">Declaraci\u00f3n de Accesibilidad - TuriaCongress<\/h2>\t\t\t\t<\/div>\n\t\t\t\t\t<\/div>\n\t\t\t\t<\/div>\n\t\t<div class=\"elementor-element elementor-element-4376633 e-flex e-con-boxed e-con e-parent\" data-id=\"4376633\" data-element_type=\"container\" data-e-type=\"container\">\n\t\t\t\t\t<div class=\"e-con-inner\">\n\t\t<div class=\"elementor-element elementor-element-48bc98e e-con-full e-flex e-con e-child\" data-id=\"48bc98e\" data-element_type=\"container\" data-e-type=\"container\">\n\t\t\t\t<div class=\"elementor-element elementor-element-1d93109 elementor-widget elementor-widget-text-editor\" data-id=\"1d93109\" data-element_type=\"widget\" data-e-type=\"widget\" data-widget_type=\"text-editor.default\">\n\t\t\t\t\t\t\t\t\t<p class=\"ng-star-inserted\"><strong class=\"ng-star-inserted\"><span class=\"ng-star-inserted\">\u00daltima actualizaci\u00f3n:<\/span><\/strong><span class=\"ng-star-inserted\">24-02-2026<\/span><\/p><p class=\"ng-star-inserted\"><strong class=\"ng-star-inserted\"><span class=\"ng-star-inserted\">TURIA CONGRESS S.L.<\/span><\/strong><span class=\"ng-star-inserted\">, con CIF\u00a0<\/span><strong class=\"ng-star-inserted\"><span class=\"ng-star-inserted\">B75511477<\/span><\/strong><span class=\"ng-star-inserted\"> y domicilio en Carrer del Comtat, 14, 46940 Manises (Valencia), se ha comprometido a hacer accesible su sitio web, de conformidad con el Real Decreto 1112\/2018<\/span><strong data-start=\"417\" data-end=\"463\">, de 7 de septiembre<\/strong>, sobre accesibilidad de los sitios web y aplicaciones para dispositivos m\u00f3viles del sector p\u00fablico, aplicable tambi\u00e9n a las entidades privadas que reciben financiaci\u00f3n p\u00fablica en determinados programas como el <strong data-start=\"674\" data-end=\"689\">Kit Digital<\/strong>.<\/p><hr data-start=\"694\" data-end=\"697\" \/><h4 data-start=\"699\" data-end=\"730\">Situaci\u00f3n de conformidad<\/h4><p data-start=\"731\" data-end=\"948\">Este sitio web es <strong data-start=\"749\" data-end=\"774\">parcialmente conforme<\/strong> con el nivel <strong data-start=\"788\" data-end=\"794\">AA<\/strong> de las <strong data-start=\"802\" data-end=\"866\">Pautas de Accesibilidad para el Contenido Web 2.1 (WCAG 2.1)<\/strong>, debido a las excepciones y falta de conformidad que se indican a continuaci\u00f3n.<\/p><hr data-start=\"950\" data-end=\"953\" \/><h4 data-start=\"955\" data-end=\"984\">Contenido no accesible<\/h4><p data-start=\"986\" data-end=\"1063\">El contenido que se recoge a continuaci\u00f3n no es accesible por lo siguiente:<\/p><p data-start=\"1065\" data-end=\"1112\"><strong data-start=\"1065\" data-end=\"1110\">Falta de conformidad con el RD 1112\/2018:<\/strong><\/p><ul data-start=\"1113\" data-end=\"1438\"><li data-start=\"1113\" data-end=\"1194\"><p data-start=\"1115\" data-end=\"1194\">Algunas im\u00e1genes pueden carecer de texto alternativo (atributo ALT) adecuado.<\/p><\/li><li data-start=\"1195\" data-end=\"1272\"><p data-start=\"1197\" data-end=\"1272\">Determinados elementos pueden no cumplir el contraste m\u00ednimo recomendado.<\/p><\/li><li data-start=\"1273\" data-end=\"1345\"><p data-start=\"1275\" data-end=\"1345\">El orden de tabulaci\u00f3n no es siempre el \u00f3ptimo en todas las p\u00e1ginas.<\/p><\/li><li data-start=\"1346\" data-end=\"1438\"><p data-start=\"1348\" data-end=\"1438\">Algunos enlaces podr\u00edan no tener descripciones suficientemente claras fuera de contexto.<\/p><\/li><\/ul><p data-start=\"1440\" data-end=\"1482\"><strong data-start=\"1440\" data-end=\"1467\">Carga desproporcionada:<\/strong><br data-start=\"1467\" data-end=\"1470\" \/>No aplica.<\/p><hr data-start=\"1484\" data-end=\"1487\" \/><h4 data-start=\"1489\" data-end=\"1525\">Preparaci\u00f3n de la declaraci\u00f3n<\/h4><p data-start=\"1526\" data-end=\"1594\">La presente declaraci\u00f3n fue preparada el <strong data-start=\"1567\" data-end=\"1591\"><strong class=\"ng-star-inserted\"><span class=\"ng-star-inserted\">24 de febrero de 2026<\/span><\/strong><\/strong>.<\/p><p data-start=\"1596\" data-end=\"1843\">El m\u00e9todo empleado para preparar la declaraci\u00f3n ha sido una <strong data-start=\"1656\" data-end=\"1759\">auto-evaluaci\u00f3n realizada por Itecnous S.L. (Agente Digitalizador Adherido al Programa Kit Digital)<\/strong>, combinando revisi\u00f3n manual y herramientas autom\u00e1ticas (Ally, TAW, WAVE, Axe DevTools).<\/p><hr data-start=\"1845\" data-end=\"1848\" \/><h4 data-start=\"1850\" data-end=\"1890\">Observaciones y datos de contacto<\/h4><p data-start=\"1891\" data-end=\"2038\">Para comunicar cualquier requisito de accesibilidad incumplido, as\u00ed como realizar consultas o sugerencias de mejora, utilice las siguientes v\u00edas:<\/p><ul data-start=\"2040\" data-end=\"2247\"><li data-start=\"2040\" data-end=\"2101\"><p data-start=\"2042\" data-end=\"2101\"><strong data-start=\"2042\" data-end=\"2072\">Responsable del contenido:<\/strong> <span class=\"ng-star-inserted\">TURIA CONGRESS S.L.<\/span><\/p><\/li><li data-start=\"2102\" data-end=\"2158\"><p data-start=\"2104\" data-end=\"2158\"><strong data-start=\"2104\" data-end=\"2127\">Correo electr\u00f3nico:<\/strong> administracion@turiacongress.com<\/p><\/li><li data-start=\"2159\" data-end=\"2201\"><p data-start=\"2161\" data-end=\"2201\"><strong data-start=\"2161\" data-end=\"2185\">Responsable t\u00e9cnico:<\/strong> Itecnous S.L.<\/p><\/li><li data-start=\"2202\" data-end=\"2247\"><p data-start=\"2204\" data-end=\"2247\"><strong data-start=\"2204\" data-end=\"2227\">Correo electr\u00f3nico:<\/strong> <a class=\"decorated-link cursor-pointer\" rel=\"noopener\" data-start=\"2228\" data-end=\"2245\">info@itecnous.com<\/a><\/p><\/li><\/ul><hr data-start=\"2249\" data-end=\"2252\" \/><h4 data-start=\"2254\" data-end=\"2288\">Procedimiento de aplicaci\u00f3n<\/h4><p data-start=\"2289\" data-end=\"2430\">Si tras realizar una solicitud de informaci\u00f3n accesible o queja, la respuesta no fuera satisfactoria, podr\u00e1 presentar una reclamaci\u00f3n ante:<\/p><ul data-start=\"2432\" data-end=\"2656\"><li data-start=\"2432\" data-end=\"2503\"><p data-start=\"2434\" data-end=\"2503\"><strong data-start=\"2434\" data-end=\"2474\">Unidad responsable de accesibilidad:<\/strong> <span class=\"ng-star-inserted\">TURIA CONGRESS S.L.<\/span><\/p><\/li><li data-start=\"2504\" data-end=\"2656\"><p data-start=\"2506\" data-end=\"2656\"><strong data-start=\"2506\" data-end=\"2528\">\u00d3rgano de control:<\/strong> Ministerio de Asuntos Econ\u00f3micos y Transformaci\u00f3n Digital \u2013 Secretar\u00eda de Estado de Digitalizaci\u00f3n e Inteligencia Artificial.<\/p><\/li><\/ul>\t\t\t\t\t\t\t\t<\/div>\n\t\t\t\t<\/div>\n\t\t\t\t\t<\/div>\n\t\t\t\t<\/div>\n\t\t\t\t<\/div>","protected":false},"excerpt":{"rendered":"<p>Declaraci\u00f3n de Accesibilidad &#8211; TuriaCongress \u00daltima actualizaci\u00f3n:24-02-2026 TURIA CONGRESS S.L., con CIF\u00a0B75511477 y domicilio en Carrer del Comtat, 14, 46940 Manises (Valencia), se ha comprometido a hacer accesible su sitio web, de conformidad con el Real Decreto 1112\/2018, de 7 de septiembre, sobre accesibilidad de los sitios web y aplicaciones para dispositivos m\u00f3viles del sector [&hellip;]<\/p>\n","protected":false},"author":1,"featured_media":0,"parent":0,"menu_order":0,"comment_status":"closed","ping_status":"closed","template":"","meta":{"footnotes":""},"class_list":["post-316","page","type-page","status-publish","hentry"],"_links":{"self":[{"href":"https:\/\/turiacongress.com\/en\/wp-json\/wp\/v2\/pages\/316","targetHints":{"allow":["GET"]}}],"collection":[{"href":"https:\/\/turiacongress.com\/en\/wp-json\/wp\/v2\/pages"}],"about":[{"href":"https:\/\/turiacongress.com\/en\/wp-json\/wp\/v2\/types\/page"}],"author":[{"embeddable":true,"href":"https:\/\/turiacongress.com\/en\/wp-json\/wp\/v2\/users\/1"}],"replies":[{"embeddable":true,"href":"https:\/\/turiacongress.com\/en\/wp-json\/wp\/v2\/comments?post=316"}],"version-history":[{"count":11,"href":"https:\/\/turiacongress.com\/en\/wp-json\/wp\/v2\/pages\/316\/revisions"}],"predecessor-version":[{"id":332,"href":"https:\/\/turiacongress.com\/en\/wp-json\/wp\/v2\/pages\/316\/revisions\/332"}],"wp:attachment":[{"href":"https:\/\/turiacongress.com\/en\/wp-json\/wp\/v2\/media?parent=316"}],"curies":[{"name":"wp","href":"https:\/\/api.w.org\/{rel}","templated":true}]}}