{"id":385,"date":"2026-02-26T14:01:26","date_gmt":"2026-02-26T14:01:26","guid":{"rendered":"https:\/\/turiacongress.com\/?page_id=385"},"modified":"2026-02-26T14:06:43","modified_gmt":"2026-02-26T14:06:43","slug":"aviso-legal","status":"publish","type":"page","link":"https:\/\/turiacongress.com\/en\/aviso-legal\/","title":{"rendered":"Aviso Legal"},"content":{"rendered":"<style>.elementor-385 .elementor-element.elementor-element-80c5456{--display:flex;--flex-direction:column;--container-widget-width:100%;--container-widget-height:initial;--container-widget-flex-grow:0;--container-widget-align-self:initial;--flex-wrap-mobile:wrap;--margin-top:90px;--margin-bottom:90px;--margin-left:90px;--margin-right:90px;}.elementor-widget-heading .elementor-heading-title{font-family:var( --e-global-typography-primary-font-family ), Sans-serif;font-weight:var( --e-global-typography-primary-font-weight );color:var( --e-global-color-primary );}.elementor-385 .elementor-element.elementor-element-9fb3363 .elementor-heading-title{font-family:\"Barlow\", Sans-serif;font-size:50px;font-weight:700;}.elementor-385 .elementor-element.elementor-element-4376633{--display:flex;--flex-direction:column;--container-widget-width:100%;--container-widget-height:initial;--container-widget-flex-grow:0;--container-widget-align-self:initial;--flex-wrap-mobile:wrap;--margin-top:-60px;--margin-bottom:90px;--margin-left:90px;--margin-right:120px;--padding-top:0px;--padding-bottom:0px;--padding-left:0px;--padding-right:0px;}.elementor-385 .elementor-element.elementor-element-48bc98e{--display:flex;}.elementor-widget-text-editor{font-family:var( --e-global-typography-text-font-family ), Sans-serif;font-weight:var( --e-global-typography-text-font-weight );color:var( --e-global-color-text );}.elementor-widget-text-editor.elementor-drop-cap-view-stacked .elementor-drop-cap{background-color:var( --e-global-color-primary );}.elementor-widget-text-editor.elementor-drop-cap-view-framed .elementor-drop-cap, .elementor-widget-text-editor.elementor-drop-cap-view-default .elementor-drop-cap{color:var( --e-global-color-primary );border-color:var( --e-global-color-primary );}.elementor-385 .elementor-element.elementor-element-56f4b55{margin:0px 80px calc(var(--kit-widget-spacing, 0px) + 0px) 0px;}<\/style>\t\t<div data-elementor-type=\"wp-page\" data-elementor-id=\"385\" class=\"elementor elementor-385\" data-elementor-post-type=\"page\">\n\t\t\t\t<div class=\"elementor-element elementor-element-80c5456 e-flex e-con-boxed e-con e-parent\" data-id=\"80c5456\" data-element_type=\"container\" data-e-type=\"container\">\n\t\t\t\t\t<div class=\"e-con-inner\">\n\t\t\t\t<div class=\"elementor-element elementor-element-9fb3363 elementor-widget elementor-widget-heading\" data-id=\"9fb3363\" data-element_type=\"widget\" data-e-type=\"widget\" data-widget_type=\"heading.default\">\n\t\t\t\t\t<h1 class=\"elementor-heading-title elementor-size-default\">Aviso Legal<\/h1>\t\t\t\t<\/div>\n\t\t\t\t\t<\/div>\n\t\t\t\t<\/div>\n\t\t<div class=\"elementor-element elementor-element-4376633 e-flex e-con-boxed e-con e-parent\" data-id=\"4376633\" data-element_type=\"container\" data-e-type=\"container\">\n\t\t\t\t\t<div class=\"e-con-inner\">\n\t\t<div class=\"elementor-element elementor-element-48bc98e e-con-full e-flex e-con e-child\" data-id=\"48bc98e\" data-element_type=\"container\" data-e-type=\"container\">\n\t\t\t\t<div class=\"elementor-element elementor-element-56f4b55 elementor-widget elementor-widget-text-editor\" data-id=\"56f4b55\" data-element_type=\"widget\" data-e-type=\"widget\" data-widget_type=\"text-editor.default\">\n\t\t\t\t\t\t\t\t\t<h2><b>Propiedad intelectual e industrial<\/b><\/h2><p><span style=\"font-weight: 400;\">El dise\u00f1o del portal y sus c\u00f3digos fuente, as\u00ed como los logos, marcas y dem\u00e1s signos distintivos que \u00a0 aparecen en el mismo pertenecen a titular de la web y est\u00e1n protegidos por los correspondientes derechos de propiedad intelectual e industrial.<\/span><\/p><h2><b>Responsabilidades<\/b><\/h2><p><span style=\"font-weight: 400;\">El acceso y uso de esta p\u00e1gina web es responsabilidad de los usuarios. No es objeto de garant\u00eda por parte del Responsable:<\/span><\/p><ul><li style=\"font-weight: 400;\" aria-level=\"1\"><span style=\"font-weight: 400;\">La infalibilidad, la disponibilidad, la continuidad, la inexistencia de deficiencias de seguridad de la p\u00e1gina web.<\/span><\/li><li style=\"font-weight: 400;\" aria-level=\"1\"><span style=\"font-weight: 400;\">Que el contenido de la p\u00e1gina o la informaci\u00f3n que pasa a trav\u00e9s del mismo est\u00e9 libre de virus o de otros elementos lesivos, as\u00ed como de errores, omisiones o incorrecciones.<\/span><\/li><li style=\"font-weight: 400;\" aria-level=\"1\"><span style=\"font-weight: 400;\">Los posibles da\u00f1os o perjuicios que se pudieran derivar de interferencias, omisiones, interrupciones, virus inform\u00e1ticos, aver\u00edas o desconexiones en el funcionamiento operativo de la p\u00e1gina web.<\/span><\/li><li style=\"font-weight: 400;\" aria-level=\"1\"><span style=\"font-weight: 400;\">Retrasos o bloqueos en el uso de esta p\u00e1gina causados por deficiencias o sobrecargas del centro de procesamiento de datos, ni de los da\u00f1os que puedan ser causados por terceras personas mediante intromisiones ileg\u00edtimas que est\u00e1n fuera de nuestro control.<\/span><\/li><li style=\"font-weight: 400;\" aria-level=\"1\"><span style=\"font-weight: 400;\">Se exonera de responsabilidad al Responsable ante cualquier da\u00f1o o perjuicio que pudiera sufrir el usuario como consecuencia de errores, defectos u omisiones en la informaci\u00f3n facilitada siempre que proceda de otras fuentes ajenas.<\/span><\/li><\/ul><p><span style=\"font-weight: 400;\">El mero acceso a la p\u00e1gina web no supone entablar ning\u00fan tipo de relaci\u00f3n comercial entre el responsable y el usuario.<\/span><\/p><h2><b>Responsabilidad de los contenidos<\/b><\/h2><p><span style=\"font-weight: 400;\">No nos hacemos responsables de la legalidad de otros sitios web de terceros desde los que pueda acceder al portal. Tampoco respondemos de la legalidad de otros sitios web de terceros, que pudieran estar vinculados o enlazados desde este portal.<\/span><\/p><p><span style=\"font-weight: 400;\">No somos responsables del uso que terceros hagan de la informaci\u00f3n publicada en el portal, ni tampoco de los da\u00f1os sufridos o p\u00e9rdidas econ\u00f3micas que, de forma directa o indirecta, produzcan o puedan producir perjuicios econ\u00f3micos, materiales o sobre datos, provocados por el uso de dicha informaci\u00f3n.<\/span><\/p><h2><b>Reproducci\u00f3n de contenidos<\/b><\/h2><p><span style=\"font-weight: 400;\">En virtud de lo dispuesto en la Ley de Propiedad Intelectual quedan expresamente prohibidas la reproducci\u00f3n, distribuci\u00f3n y la comunicaci\u00f3n p\u00fablica de la totalidad o parte de los contenidos de esta p\u00e1gina web, con fines comerciales en cualquier soporte, y por cualquier medio t\u00e9cnico, sin la autorizaci\u00f3n del titular de la web.<\/span><\/p><h2><b>Virus pirater\u00eda y otros ataques inform\u00e1ticos<\/b><\/h2><p><span style=\"font-weight: 400;\">El usuario no debe realizar un uso indebido de esta p\u00e1gina web mediante la introducci\u00f3n intencionada en la misma de virus, troyanos, gusanos, bombas l\u00f3gicas o cualquier otro programa o material tecnol\u00f3gicamente perjudicial o da\u00f1ino. El usuario no tratar\u00e1 de tener acceso no autorizado a esta p\u00e1gina web, al servidor en que dicha p\u00e1gina se encuentra alojada o a cualquier servidor, ordenador o base de datos relacionada con nuestra p\u00e1gina web. El usuario se compromete a no atacar esta p\u00e1gina web. El incumplimiento de esta cl\u00e1usula podr\u00eda llevar aparejada la comisi\u00f3n de infracciones tipificadas por la normativa aplicable. Informaremos de cualquier incumplimiento de dicha normativa a las autoridades competentes y cooperaremos con ellas para descubrir la identidad del atacante. Asimismo, en caso de incumplimiento de la presente cl\u00e1usula, dejar\u00e1 inmediatamente de estar autorizado a usar esta p\u00e1gina web. No seremos responsables de cualquier da\u00f1o o p\u00e9rdida resultante de un ataque de denegaci\u00f3n de servicio, virus o cualquier otro programa o material tecnol\u00f3gicamente perjudicial o da\u00f1ino que pueda afectar a su ordenador, equipo inform\u00e1tico, datos o materiales como consecuencia del uso de esta p\u00e1gina web o de la descarga de contenidos de la misma o a los que la misma recibe.<\/span><\/p><h2><b>Legislaci\u00f3n aplicable y jurisdicci\u00f3n<\/b><\/h2><p><span style=\"font-weight: 400;\">Nos reservamos la facultad de presentar las acciones civiles o penales que consideremos necesarias por la utilizaci\u00f3n indebida de este sitio Web y de sus contenidos, o por el incumplimiento de las presentes condiciones.<\/span><\/p><p><span style=\"font-weight: 400;\">La relaci\u00f3n con los usuarios se regir\u00e1 por la normativa vigente y de aplicaci\u00f3n en el territorio nacional. De surgir cualquier controversia en relaci\u00f3n con la interpretaci\u00f3n y\/o a la aplicaci\u00f3n de estas condiciones, las partes someter\u00e1n los conflictos a la jurisdicci\u00f3n ordinaria, someti\u00e9ndose a los Jueces y Tribunales que correspondan conforme a Derecho.<\/span><\/p><p><span style=\"font-weight: 400;\">Te informamos que dispones de un procedimiento de resoluci\u00f3n extrajudicial de controversias gratuito y accesible a todos los ciudadanos, se trata de la plataforma de resoluci\u00f3n de litigios en l\u00ednea de la Uni\u00f3n Europea, accesible a trav\u00e9s del siguiente enlace <\/span><a href=\"https:\/\/ec.europa.eu\/consumers\/odr\/main\/?event=main.home2.show\" rel=\"noopener\"><span style=\"font-weight: 400;\">https:\/\/ec.europa.eu\/consumers\/odr\/main\/?event=main.home2.show<\/span><\/a><span style=\"font-weight: 400;\">.<\/span><\/p><p><span style=\"font-weight: 400;\">Puedes formular cualquier queja y reclamaci\u00f3n dirigi\u00e9ndose a <\/span><a href=\"mailto:administracion@turiacongress.com\"><b>administracion@turiacongress.com<\/b><\/a><b>.<\/b><\/p><h2><b>Cookies<\/b><\/h2><p><span style=\"font-weight: 400;\">En el caso de emplear tecnolog\u00eda \u201ccookie\u201d en la web, dispone de un apartado concreto que le informa de su existencia, as\u00ed como de la pol\u00edtica de uso. Consulte nuestro apartado \u201c<\/span><a href=\"https:\/\/turiacongress.com\/en\/politica-de-cookies\/\" target=\"_blank\" rel=\"noopener\"><span style=\"font-weight: 400;\">pol\u00edtica de cookies<\/span><\/a><span style=\"font-weight: 400;\">\u201d.<\/span><\/p><h2><b>Fecha de \u00faltima actualizaci\u00f3n<\/b><\/h2><p><span style=\"font-weight: 400;\">El presente texto ha sido revisado el 01\/02\/2026<\/span><b>.<\/b><\/p>\t\t\t\t\t\t\t\t<\/div>\n\t\t\t\t<\/div>\n\t\t\t\t\t<\/div>\n\t\t\t\t<\/div>\n\t\t\t\t<\/div>","protected":false},"excerpt":{"rendered":"<p>Aviso Legal Propiedad intelectual e industrial El dise\u00f1o del portal y sus c\u00f3digos fuente, as\u00ed como los logos, marcas y dem\u00e1s signos distintivos que \u00a0 aparecen en el mismo pertenecen a titular de la web y est\u00e1n protegidos por los correspondientes derechos de propiedad intelectual e industrial. Responsabilidades El acceso y uso de esta p\u00e1gina [&hellip;]<\/p>\n","protected":false},"author":1,"featured_media":0,"parent":0,"menu_order":0,"comment_status":"closed","ping_status":"closed","template":"","meta":{"footnotes":""},"class_list":["post-385","page","type-page","status-publish","hentry"],"_links":{"self":[{"href":"https:\/\/turiacongress.com\/en\/wp-json\/wp\/v2\/pages\/385","targetHints":{"allow":["GET"]}}],"collection":[{"href":"https:\/\/turiacongress.com\/en\/wp-json\/wp\/v2\/pages"}],"about":[{"href":"https:\/\/turiacongress.com\/en\/wp-json\/wp\/v2\/types\/page"}],"author":[{"embeddable":true,"href":"https:\/\/turiacongress.com\/en\/wp-json\/wp\/v2\/users\/1"}],"replies":[{"embeddable":true,"href":"https:\/\/turiacongress.com\/en\/wp-json\/wp\/v2\/comments?post=385"}],"version-history":[{"count":7,"href":"https:\/\/turiacongress.com\/en\/wp-json\/wp\/v2\/pages\/385\/revisions"}],"predecessor-version":[{"id":401,"href":"https:\/\/turiacongress.com\/en\/wp-json\/wp\/v2\/pages\/385\/revisions\/401"}],"wp:attachment":[{"href":"https:\/\/turiacongress.com\/en\/wp-json\/wp\/v2\/media?parent=385"}],"curies":[{"name":"wp","href":"https:\/\/api.w.org\/{rel}","templated":true}]}}