{"id":99,"date":"2026-02-15T22:27:25","date_gmt":"2026-02-15T22:27:25","guid":{"rendered":"http:\/\/turiacongress.com\/?page_id=99"},"modified":"2026-03-16T19:47:26","modified_gmt":"2026-03-16T19:47:26","slug":"politica-de-cookies","status":"publish","type":"page","link":"https:\/\/turiacongress.com\/en\/politica-de-cookies\/","title":{"rendered":"Politica de Cookies"},"content":{"rendered":"<style>.elementor-99 .elementor-element.elementor-element-afbf127{--display:flex;--flex-direction:column;--container-widget-width:100%;--container-widget-height:initial;--container-widget-flex-grow:0;--container-widget-align-self:initial;--flex-wrap-mobile:wrap;--margin-top:90px;--margin-bottom:90px;--margin-left:90px;--margin-right:90px;}.elementor-widget-heading .elementor-heading-title{font-family:var( --e-global-typography-primary-font-family ), Sans-serif;font-weight:var( --e-global-typography-primary-font-weight );color:var( --e-global-color-primary );}.elementor-99 .elementor-element.elementor-element-a072cbf .elementor-heading-title{font-family:\"Barlow\", Sans-serif;font-size:50px;font-weight:700;}.elementor-99 .elementor-element.elementor-element-b428b3d{--display:flex;--flex-direction:column;--container-widget-width:100%;--container-widget-height:initial;--container-widget-flex-grow:0;--container-widget-align-self:initial;--flex-wrap-mobile:wrap;--margin-top:-60px;--margin-bottom:90px;--margin-left:90px;--margin-right:120px;--padding-top:0px;--padding-bottom:0px;--padding-left:0px;--padding-right:0px;}.elementor-99 .elementor-element.elementor-element-3259325{--display:flex;}.elementor-widget-text-editor{font-family:var( --e-global-typography-text-font-family ), Sans-serif;font-weight:var( --e-global-typography-text-font-weight );color:var( --e-global-color-text );}.elementor-widget-text-editor.elementor-drop-cap-view-stacked .elementor-drop-cap{background-color:var( --e-global-color-primary );}.elementor-widget-text-editor.elementor-drop-cap-view-framed .elementor-drop-cap, .elementor-widget-text-editor.elementor-drop-cap-view-default .elementor-drop-cap{color:var( --e-global-color-primary );border-color:var( --e-global-color-primary );}.elementor-99 .elementor-element.elementor-element-005ffb0{margin:0px 80px calc(var(--kit-widget-spacing, 0px) + 0px) 0px;}<\/style>\t\t<div data-elementor-type=\"wp-page\" data-elementor-id=\"99\" class=\"elementor elementor-99\" data-elementor-post-type=\"page\">\n\t\t\t\t<div class=\"elementor-element elementor-element-afbf127 e-flex e-con-boxed e-con e-parent\" data-id=\"afbf127\" data-element_type=\"container\" data-e-type=\"container\">\n\t\t\t\t\t<div class=\"e-con-inner\">\n\t\t\t\t<div class=\"elementor-element elementor-element-a072cbf elementor-widget elementor-widget-heading\" data-id=\"a072cbf\" data-element_type=\"widget\" data-e-type=\"widget\" data-widget_type=\"heading.default\">\n\t\t\t\t\t<h1 class=\"elementor-heading-title elementor-size-default\">Politica de Cookies<\/h1>\t\t\t\t<\/div>\n\t\t\t\t\t<\/div>\n\t\t\t\t<\/div>\n\t\t<div class=\"elementor-element elementor-element-b428b3d e-flex e-con-boxed e-con e-parent\" data-id=\"b428b3d\" data-element_type=\"container\" data-e-type=\"container\">\n\t\t\t\t\t<div class=\"e-con-inner\">\n\t\t<div class=\"elementor-element elementor-element-3259325 e-con-full e-flex e-con e-child\" data-id=\"3259325\" data-element_type=\"container\" data-e-type=\"container\">\n\t\t\t\t<div class=\"elementor-element elementor-element-005ffb0 elementor-widget elementor-widget-text-editor\" data-id=\"005ffb0\" data-element_type=\"widget\" data-e-type=\"widget\" data-widget_type=\"text-editor.default\">\n\t\t\t\t\t\t\t\t\t<p><b>\u00bfQu\u00e9 son las cookies?<\/b><\/p><p><span style=\"font-weight: 400;\">En ingl\u00e9s, el t\u00e9rmino \u201ccookie\u201d significa galleta, pero en el \u00e1mbito de la navegaci\u00f3n web, una \u201ccookie\u201d es algo completamente distinto.\u00a0<\/span><\/p><p><span style=\"font-weight: 400;\">Cuando accedes a nuestra web, en el navegador de tu dispositivo se almacena una peque\u00f1a cantidad de texto que se denomina \u201ccookie\u201d. Las cookies permiten a una p\u00e1gina web, entre otras cosas, almacenar y recuperar informaci\u00f3n sobre los h\u00e1bitos de navegaci\u00f3n de un usuario o de su equipo y, dependiendo de la informaci\u00f3n que contengan y de la forma en que utilice su equipo.<\/span><\/p><p><span style=\"font-weight: 400;\">As\u00ed, hay cookies que obtienen informaci\u00f3n relacionada con el n\u00famero de p\u00e1ginas visitadas, la ciudad a la que est\u00e1 asignada la direcci\u00f3n IP desde la que se accede, el n\u00famero de nuevos usuarios, la frecuencia y reincidencia de las visitas, el tiempo de visita, el navegador, el operador o el tipo de terminal desde el que se realiza la visita.<\/span><\/p><p><span style=\"font-weight: 400;\">Existen otras tecnolog\u00edas que funcionan de manera similar y que tambi\u00e9n se usan para recopilar datos sobre su actividad de navegaci\u00f3n. Llamaremos \u201ccookies\u201d a todas estas tecnolog\u00edas en su conjunto.\u00a0<\/span><\/p><p><span style=\"font-weight: 400;\">Los usos concretos que hacemos de estas tecnolog\u00edas se describen en el presente documento.<\/span><\/p><p><span style=\"font-weight: 400;\">\u00a0<\/span><\/p><p><b>\u00bfQu\u00e9 NO ES una cookie?<\/b><\/p><p><span style=\"font-weight: 400;\">No es un virus, ni un troyano, ni un gusano, ni spam, ni spyware, ni abre ventanas pop-up.<\/span><\/p><p><span style=\"font-weight: 400;\">\u00a0<\/span><\/p><p><b>\u00bfPara qu\u00e9 se utilizan las cookies en esta web?\u00a0<\/b><\/p><p><span style=\"font-weight: 400;\">Las cookies son una parte esencial de c\u00f3mo funciona nuestro sitio web. El objetivo principal de nuestras cookies es mejorar tu experiencia en la navegaci\u00f3n. Por ejemplo, para recordar tus preferencias (idioma, pa\u00eds, etc.) durante la navegaci\u00f3n y en futuras visitas. La informaci\u00f3n recogida en las cookies nos permite adem\u00e1s mejorar la web, adaptarla a tus intereses como usuario, acelerar las b\u00fasquedas que realices, etc.<\/span><\/p><p><span style=\"font-weight: 400;\">En determinados casos, si hemos obtenido tu previo consentimiento informado, podremos utilizar cookies para otros usos, como por ejemplo para obtener informaci\u00f3n que nos permita mostrarte publicidad basada en el an\u00e1lisis de tus h\u00e1bitos de navegaci\u00f3n.<\/span><\/p><p><span style=\"font-weight: 400;\">\u00a0<\/span><\/p><p><b>\u00bfPara qu\u00e9 NO se utilizan las cookies en esta web?<\/b><\/p><p><span style=\"font-weight: 400;\">En las cookies que utilizamos no se almacena informaci\u00f3n sensible de identificaci\u00f3n personal como tu nombre, direcci\u00f3n, tu contrase\u00f1a, etc. \u00bfQui\u00e9n utiliza la informaci\u00f3n almacenada en las cookies? La informaci\u00f3n almacenada en las cookies de nuestro sitio web es utilizada exclusivamente por nosotros, a excepci\u00f3n de aquellas identificadas m\u00e1s adelante como &#8216;cookie de terceros&#8217;, que son utilizadas y gestionadas por entidades externas que nos proporcionan servicios que mejoran la experiencia del usuario. Por ejemplo, las estad\u00edsticas que se recogen sobre el n\u00famero de visitas, el contenido que m\u00e1s gusta, etc\u2026 lo suele gestionar GOOGLE ANALYTICS.<\/span><\/p><p><span style=\"font-weight: 400;\">Las cookies de terceros tambi\u00e9n se suelen utilizar para garantizar las operaciones de pago realizadas a trav\u00e9s de la web.<\/span><\/p><p><span style=\"font-weight: 400;\">\u00a0<\/span><\/p><p><b>\u00bfQu\u00e9 ocurre si desactivo las cookies?<\/b><\/p><p><span style=\"font-weight: 400;\">Para que entienda el alcance que puede tener desactivar las cookies te mostramos unos ejemplos:<\/span><\/p><ul><li style=\"font-weight: 400;\" aria-level=\"1\"><span style=\"font-weight: 400;\">No podr\u00e1s compartir contenidos de esa web en Facebook, Twitter o cualquier otra red social.<\/span><\/li><li style=\"font-weight: 400;\" aria-level=\"1\"><span style=\"font-weight: 400;\">El sitio web no podr\u00e1 adaptar los contenidos a tus preferencias personales, como suele ocurrir en las tiendas online.<\/span><\/li><li style=\"font-weight: 400;\" aria-level=\"1\"><span style=\"font-weight: 400;\">No podr\u00e1s acceder al \u00e1rea personal de la web, como por ejemplo Mi cuenta, o Mi perfil o Mis pedidos.<\/span><\/li><li style=\"font-weight: 400;\" aria-level=\"1\"><span style=\"font-weight: 400;\">Tiendas online: Te ser\u00e1 imposible realizar compras online, tendr\u00e1n que ser telef\u00f3nicas o visitando la tienda f\u00edsica si es que dispone de ella.<\/span><\/li><li style=\"font-weight: 400;\" aria-level=\"1\"><span style=\"font-weight: 400;\">No ser\u00e1 posible personalizar tus preferencias geogr\u00e1ficas como franja horaria, divisa o idioma.<\/span><\/li><li style=\"font-weight: 400;\" aria-level=\"1\"><span style=\"font-weight: 400;\">El sitio web no podr\u00e1 realizar anal\u00edticas web sobre visitantes y tr\u00e1fico en la web, lo que dificultar\u00e1 que la web sea competitiva.<\/span><\/li><li style=\"font-weight: 400;\" aria-level=\"1\"><span style=\"font-weight: 400;\">No podr\u00e1s escribir en el blog, no podr\u00e1s subir fotos, publicar comentarios, valorar o puntuar contenidos. La web tampoco podr\u00e1 saber si eres un humano o una aplicaci\u00f3n automatizada que publica spam.<\/span><\/li><li style=\"font-weight: 400;\" aria-level=\"1\"><span style=\"font-weight: 400;\">No se podr\u00e1 mostrar publicidad sectorizada, lo que reducir\u00e1 los ingresos publicitarios de la web.<\/span><\/li><li style=\"font-weight: 400;\" aria-level=\"1\"><span style=\"font-weight: 400;\">Todas las redes sociales usan cookies, si las desactivas no podr\u00e1s utilizar ninguna red social.<\/span><\/li><\/ul><div>\u00a0<\/div><p><b>\u00bfC\u00f3mo puedo evitar el uso de cookies en este sitio web?<\/b><\/p><p><span style=\"font-weight: 400;\">Si prefieres evitar el uso de las cookies, puedes RECHAZAR su uso o puedes CONFIGURAR las que quieres evitar y las que permites utilizar (en este documento te damos informaci\u00f3n ampliada al respecto de cada tipo de cookie, su finalidad, destinatario, temporalidad, etc.).<\/span><\/p><p><span style=\"font-weight: 400;\">Si las has aceptado, no volveremos a preguntarte a menos que borres las cookies en tu dispositivo seg\u00fan se indica en el apartado siguiente. Si quieres revocar el consentimiento tendr\u00e1s que eliminar las cookies y volver a configurarlas.<\/span><\/p><p><span style=\"font-weight: 400;\">\u00a0<\/span><\/p><p><b>\u00bfC\u00f3mo deshabilito y elimino la utilizaci\u00f3n de cookies?<\/b><\/p><p><span style=\"font-weight: 400;\">Para restringir, bloquear o borrar las cookies de este sitio web (y las usada por terceros) puedes hacerlo, en cualquier momento, modificando la configuraci\u00f3n de tu navegador. Ten en cuenta que esta configuraci\u00f3n es diferente en cada navegador, si bien es habitual encontrar la configuraci\u00f3n de cookies en el men\u00fa &#8216;Preferencias&#8217; &#8216;Herramientas&#8217; \u201cOpciones\u201d y despu\u00e9s en \u201cPrivacidad y Seguridad\u201d o en \u201cborrar datos de navegaci\u00f3n\u201d, etc. Para m\u00e1s detalle sobre la configuraci\u00f3n de las cookies en cada navegador, puedes consultar el men\u00fa &#8216;Ayuda&#8217; del mismo.<\/span><\/p><p><b>\u00bfC\u00f3mo se gestionan las cookies?<\/b><\/p><p><span style=\"font-weight: 400;\">Puesto que las cookies son archivos de texto normales, se pueden explorar con la mayor\u00eda de los editores de texto o programas de procesamiento de texto. Puedes hacer clic en una cookie para abrirla.<\/span><\/p><p><span style=\"font-weight: 400;\">A continuaci\u00f3n, se indica una lista de enlaces sobre c\u00f3mo ver cookies en diferentes navegadores. Si utilizas otro navegador, consulte la informaci\u00f3n sobre cookies en el propio navegador. Si utilizas un tel\u00e9fono m\u00f3vil, consulta el manual del dispositivo para obtener m\u00e1s informaci\u00f3n.<\/span><\/p><ul><li style=\"font-weight: 400;\" aria-level=\"1\"><b>Firefox:<\/b><span style=\"font-weight: 400;\">\u00a0<\/span><a href=\"https:\/\/support.mozilla.org\/en-US\/kb\/cookies-information-websites-store-on-your-computer\" rel=\"noopener\"><span style=\"font-weight: 400;\">https:\/\/support.mozilla.org\/en-US\/kb\/cookies-information-websites-store-on-your-computer<\/span><\/a><\/li><li style=\"font-weight: 400;\" aria-level=\"1\"><b>Chrome:<\/b><span style=\"font-weight: 400;\">\u00a0<\/span><a href=\"https:\/\/support.google.com\/chrome\/bin\/answer.py?hl=en&amp;answer=95647&amp;topic=14666&amp;ctx=topic\" rel=\"noopener\"><span style=\"font-weight: 400;\">https:\/\/support.google.com\/chrome\/bin\/answer.py?hl=en&amp;answer=95647&amp;topic=14666&amp;ctx=topic<\/span><\/a><\/li><li style=\"font-weight: 400;\" aria-level=\"1\"><b>Internet Explorer 8-10:<\/b><span style=\"font-weight: 400;\">\u00a0<\/span><a href=\"http:\/\/windows.microsoft.com\/en-US\/internet-explorer\/delete-manage-cookies\" rel=\"noopener\"><span style=\"font-weight: 400;\">http:\/\/windows.microsoft.com\/en-US\/internet-explorer\/delete-manage-cookies<\/span><\/a><\/li><li style=\"font-weight: 400;\" aria-level=\"1\"><b>Safari:<\/b><span style=\"font-weight: 400;\">\u00a0<\/span><a href=\"http:\/\/support.apple.com\/kb\/ph5042\" rel=\"noopener\"><span style=\"font-weight: 400;\">http:\/\/support.apple.com\/kb\/ph5042<\/span><\/a><\/li><li style=\"font-weight: 400;\" aria-level=\"1\"><b>Opera:<\/b><span style=\"font-weight: 400;\">\u00a0<\/span><a href=\"http:\/\/help.opera.com\/Windows\/12.00\/es-ES\/cookies.html\" rel=\"noopener\"><span style=\"font-weight: 400;\">http:\/\/help.opera.com\/Windows\/12.00\/es-ES\/cookies.html<\/span><\/a><\/li><\/ul><div>\u00a0<\/div><p><span style=\"font-weight: 400;\">Notas adicionales<\/span><\/p><ul><li style=\"font-weight: 400;\" aria-level=\"1\"><span style=\"font-weight: 400;\">Ni esta web ni sus representantes legales se hacen responsables ni del contenido ni de la veracidad de las pol\u00edticas de privacidad que puedan tener los terceros mencionados en esta pol\u00edtica de cookies.<\/span><\/li><li style=\"font-weight: 400;\" aria-level=\"1\"><span style=\"font-weight: 400;\">Los navegadores web son las herramientas encargadas de almacenar las cookies y desde este lugar debe efectuar su derecho a eliminaci\u00f3n o desactivaci\u00f3n de estas. Ni esta web ni sus representantes legales pueden garantizar la correcta o incorrecta manipulaci\u00f3n de las cookies por parte de los mencionados navegadores.<\/span><\/li><li style=\"font-weight: 400;\" aria-level=\"1\"><span style=\"font-weight: 400;\">En algunos casos es necesario instalar cookies para que el navegador no olvide tu decisi\u00f3n de no aceptaci\u00f3n de estas.<\/span><\/li><li style=\"font-weight: 400;\" aria-level=\"1\"><span style=\"font-weight: 400;\">En el caso de las cookies de Google Analytics, esta empresa almacena las cookies en servidores ubicados en Estados Unidos y se compromete a no compartirla con terceros, excepto en los casos en los que sea necesario para el funcionamiento del sistema o cuando la ley obligue a tal efecto. Seg\u00fan Google no guarda su direcci\u00f3n IP. Google Inc. es una compa\u00f1\u00eda adherida al Acuerdo de Puerto Seguro que garantiza que todos los datos transferidos ser\u00e1n tratados con un nivel de protecci\u00f3n acorde a la normativa europea.<\/span><\/li><li style=\"font-weight: 400;\" aria-level=\"1\"><span style=\"font-weight: 400;\">Para cualquier duda o consulta acerca de esta pol\u00edtica de cookies no dudes en comunicarte con nosotros a trav\u00e9s de la secci\u00f3n de contacto.<\/span><\/li><\/ul><p><span style=\"font-weight: 400;\">\u00a0<br \/><\/span><\/p><p><span style=\"font-weight: 400;\">Cookies utilizadas es este sitio web:<\/span><\/p><table><thead><tr><th colspan=\"4\"><p><span style=\"font-weight: 400;\">Cookies Controladas por el Editor<\/span><\/p><\/th><\/tr><\/thead><tbody><tr><td colspan=\"4\"><p><span style=\"font-weight: 400;\">T\u00e9cnicas y funcionales<\/span><\/p><\/td><\/tr><tr><td><p><span style=\"font-weight: 400;\">Propiedad<\/span><\/p><\/td><td><p><span style=\"font-weight: 400;\">Cookie<\/span><\/p><\/td><td><p><span style=\"font-weight: 400;\">Finalidad<\/span><\/p><\/td><td><p><span style=\"font-weight: 400;\">Plazo<\/span><\/p><\/td><\/tr><tr><td><p>\u00a0<\/p><p>Turiacongress.es<\/p><\/td><td><p>\u00a0<\/p><p><b>cmplz_policy_id<\/b><\/p><\/td><td><p><span style=\"font-weight: 400;\">Registra qu\u00e9 versi\u00f3n de la pol\u00edtica de cookies ha aceptado el usuario.<\/span><\/p><\/td><td><p>\u00a0<\/p><p><span style=\"font-weight: 400;\">1 a\u00f1o<\/span><\/p><\/td><\/tr><tr><td><p>\u00a0<\/p><p>Turiacongress.es<\/p><\/td><td><p>\u00a0<\/p><p><b>cmplz_banner-status<\/b><\/p><\/td><td><p><span style=\"font-weight: 400;\">Guarda si el banner ha sido cerrado o descartado para no volver a mostrarlo.<\/span><\/p><\/td><td><p>\u00a0<\/p><p><span style=\"font-weight: 400;\">1 a\u00f1o<\/span><\/p><\/td><\/tr><tr><td><p>\u00a0<\/p><p>Turiacongress.es<\/p><\/td><td><p>\u00a0<\/p><p><b>cmplz_marketing<\/b><\/p><\/td><td><p><span style=\"font-weight: 400;\">Almacena su preferencia de consentimiento para cookies de marketing (Permitir\/Denegar).<\/span><\/p><\/td><td><p>\u00a0<\/p><p><span style=\"font-weight: 400;\">1 a\u00f1o<\/span><\/p><\/td><\/tr><tr><td><p>\u00a0<\/p><p>Turiacongress.es<\/p><\/td><td><p>\u00a0<\/p><p><b>cmplz_statistics<\/b><\/p><\/td><td><p><span style=\"font-weight: 400;\">Almacena su preferencia de consentimiento para cookies estad\u00edsticas (Permitir\/Denegar).<\/span><\/p><\/td><td><p>\u00a0<\/p><p><span style=\"font-weight: 400;\">1 a\u00f1o<\/span><\/p><\/td><\/tr><tr><td><p>\u00a0<\/p><p>Turiacongress.es<\/p><\/td><td><p>\u00a0<\/p><p><b>cmplz_preferences<\/b><\/p><\/td><td><p><span style=\"font-weight: 400;\">Almacena su preferencia de consentimiento para cookies de preferencias.<\/span><\/p><\/td><td><p><span style=\"font-weight: 400;\">1 a\u00f1o<\/span><\/p><\/td><\/tr><tr><td><p>\u00a0<\/p><p>Turiacongress.es<\/p><\/td><td><p>\u00a0<\/p><p><b>cmplz_functional<\/b><\/p><\/td><td><p><span style=\"font-weight: 400;\">Almacena su preferencia de consentimiento para cookies funcionales.<\/span><\/p><\/td><td><p><span style=\"font-weight: 400;\">1 a\u00f1o<\/span><\/p><\/td><\/tr><tr><td><p>\u00a0<\/p><p>Turiacongress.es<\/p><\/td><td><p>\u00a0<\/p><p><b>cmplz_consented_services<\/b><\/p><\/td><td><p><span style=\"font-weight: 400;\">Registra qu\u00e9 servicios espec\u00edficos de terceros ha desbloqueado el usuario.<\/span><\/p><\/td><td><p><span style=\"font-weight: 400;\">1 a\u00f1o<\/span><\/p><\/td><\/tr><\/tbody><\/table><table><tbody><tr><td colspan=\"4\"><p><span style=\"font-weight: 400;\">Anal\u00edticas<\/span><\/p><\/td><\/tr><tr><td><p><span style=\"font-weight: 400;\">Propiedad<\/span><\/p><\/td><td><p><span style=\"font-weight: 400;\">Cookie<\/span><\/p><\/td><td><p><span style=\"font-weight: 400;\">Finalidad<\/span><\/p><\/td><td><p><span style=\"font-weight: 400;\">Plazo<\/span><\/p><\/td><\/tr><tr><td><p><span style=\"font-weight: 400;\">Google Analytics<\/span><\/p><\/td><td><p><b>_ga<\/b><\/p><\/td><td><p><span style=\"font-weight: 400;\">ID utiliza para identificar a los usuarios<\/span><\/p><\/td><td><p><span style=\"font-weight: 400;\">2 a\u00f1os<\/span><\/p><\/td><\/tr><tr><td><p><span style=\"font-weight: 400;\">Google Analytics<\/span><\/p><\/td><td><p><b>_ga_1WT1ZX117Z<\/b><\/p><\/td><td><p><span style=\"font-weight: 400;\">Utilizada para mantener el estado de la sesi\u00f3n actual y distinguir sesiones.<\/span><\/p><\/td><td><p><span style=\"font-weight: 400;\">2 a\u00f1os<\/span><\/p><\/td><\/tr><\/tbody><\/table>\t\t\t\t\t\t\t\t<\/div>\n\t\t\t\t<\/div>\n\t\t\t\t\t<\/div>\n\t\t\t\t<\/div>\n\t\t\t\t<\/div>","protected":false},"excerpt":{"rendered":"<p>Politica de Cookies \u00bfQu\u00e9 son las cookies? En ingl\u00e9s, el t\u00e9rmino \u201ccookie\u201d significa galleta, pero en el \u00e1mbito de la navegaci\u00f3n web, una \u201ccookie\u201d es algo completamente distinto.\u00a0 Cuando accedes a nuestra web, en el navegador de tu dispositivo se almacena una peque\u00f1a cantidad de texto que se denomina \u201ccookie\u201d. Las cookies permiten a una [&hellip;]<\/p>\n","protected":false},"author":1,"featured_media":0,"parent":0,"menu_order":0,"comment_status":"closed","ping_status":"closed","template":"","meta":{"footnotes":""},"class_list":["post-99","page","type-page","status-publish","hentry"],"_links":{"self":[{"href":"https:\/\/turiacongress.com\/en\/wp-json\/wp\/v2\/pages\/99","targetHints":{"allow":["GET"]}}],"collection":[{"href":"https:\/\/turiacongress.com\/en\/wp-json\/wp\/v2\/pages"}],"about":[{"href":"https:\/\/turiacongress.com\/en\/wp-json\/wp\/v2\/types\/page"}],"author":[{"embeddable":true,"href":"https:\/\/turiacongress.com\/en\/wp-json\/wp\/v2\/users\/1"}],"replies":[{"embeddable":true,"href":"https:\/\/turiacongress.com\/en\/wp-json\/wp\/v2\/comments?post=99"}],"version-history":[{"count":34,"href":"https:\/\/turiacongress.com\/en\/wp-json\/wp\/v2\/pages\/99\/revisions"}],"predecessor-version":[{"id":589,"href":"https:\/\/turiacongress.com\/en\/wp-json\/wp\/v2\/pages\/99\/revisions\/589"}],"wp:attachment":[{"href":"https:\/\/turiacongress.com\/en\/wp-json\/wp\/v2\/media?parent=99"}],"curies":[{"name":"wp","href":"https:\/\/api.w.org\/{rel}","templated":true}]}}